{"id":1325,"date":"2021-12-08T15:32:45","date_gmt":"2021-12-08T15:32:45","guid":{"rendered":"https:\/\/www.acquadinoto.it\/terms-and-conditions\/"},"modified":"2022-11-11T14:59:22","modified_gmt":"2022-11-11T14:59:22","slug":"terms-and-conditions","status":"publish","type":"page","link":"https:\/\/www.acquadinoto.it\/en\/terms-and-conditions\/","title":{"rendered":"Terms and conditions"},"content":{"rendered":"\n<p><br\/>Condizioni Generali di Vendita<br\/>Art. 1 &#8211; Disposizioni generali<\/p>\n\n<ol class=\"wp-block-list\"><li>L&#8217;utente navigando in quest&#8217;area accede a Acqua di Noto, accessibile mediante<br\/>l&#8217;url: www.acquadinoto.it. La navigazione e la trasmissione di un ordine di acquisto<br\/>sul sito comportano l&#8217;accettazione delle Condizioni e delle Politiche di Protezione dei<br\/>Dati adottate dal sito stesso ivi indicate.<\/li><li>Le presenti Condizioni Generali di Vendita si applicano alla vendita di prodotti con<br\/>esclusivo riferimento agli acquisti effettuati sul sito conformemente alle disposizioni<br\/>della Parte III, Titolo III, Capo I, Codice del Consumo (D.lgs. n. 206\/05 modificato dal<br\/>D.lgs. n. 21\/14 e D.lgs. 70\/03) da parte di<br\/>Societ\u00e0 Artieri di Sicilia s.r.l.s<br\/>Sede: Via Nicolaci, 13, 96017, Noto<br\/>Partita IVA: 02017940897<br\/>Iscritta al REA, numero 427742<\/li><li>L&#8217;utente \u00e8 tenuto, prima di accedere ai prodotti forniti dal sito, a leggere le presenti<br\/>Condizioni Generali di Vendita che si intendono generalmente ed inequivocabilmente<br\/>accettate al momento dell&#8217;acquisto.<\/li><li>Si invita l&#8217;utente a scaricare e stampare una copia del modulo d&#8217;acquisto e delle<br\/>presenti Condizioni Generali di Vendita i cui termini Acqua di Noto si riserva di<br\/>modificare unilateralmente e senza alcun preavviso.<\/li><li>E&#8217; possibile utilizzare il sito e quindi accedere a prodotti forniti dallo stesso ed<br\/>all&#8217;acquisto di questi nelle seguenti lingue:<\/li><\/ol>\n\n<ul class=\"wp-block-list\"><li>Inglese<br\/>Art. 2 &#8211; Oggetto<\/li><\/ul>\n\n<ol class=\"wp-block-list\"><li>Le presenti Condizioni Generali di Vendita disciplinano l&#8217;offerta, l&#8217;inoltro e<br\/>l&#8217;accettazione di ordini d&#8217;acquisto di prodotti su Acqua di Noto e non disciplinano,<br\/>invece, la fornitura di servizi o la vendita di prodotti da parte di soggetti diversi dal<br\/>venditore che siano presenti sul medesimo sito tramite link, banner o altri<br\/>collegamenti ipertestuali.<\/li><li>Prima di inoltrare ordini ed acquistare prodotti e servizi da soggetti diversi,<br\/>suggeriamo di verificare le loro condizioni di vendita.<br\/>Art. 3 &#8211; Conclusione del contratto<\/li><li>Per concludere il contratto di acquisto, sar\u00e0 necessario compilare il formulario in<br\/>formato elettronico e trasmetterlo seguendo le relative istruzioni.<\/li><li>In esso sono contenuti il rinvio alle Condizioni Generali di Vendita, le immagini di<br\/>ciascun prodotto ed il relativo prezzo, i mezzi di pagamento che \u00e8 possibile utilizzare,<br\/>le modalit\u00e0 di consegna dei prodotti acquistati e i relativi costi di spedizione e<br\/>consegna, un rimando alle condizioni per l&#8217;esercizio del diritto di recesso; modalit\u00e0 e<br\/>tempi di restituzione dei prodotti acquistati.<\/li><li>Prima di concludere il contratto, sar\u00e0 chiesto di confermare l&#8217;avvenuta lettura delle<br\/>Condizioni Generali di Vendita comprensive dell&#8217;Informativa sul diritto di recesso e<br\/>del trattamento dei dati personali.<\/li><li>Il contratto \u00e8 concluso quando il venditore riceve il formulario compilato dall&#8217;utente,<br\/>previa verifica della correttezza dei dati ivi contenuti.<\/li><li>L&#8217;utente sar\u00e0 obbligato al pagamento del prezzo dal momento in cui la procedura<br\/>di inoltro dell&#8217;ordine on line sar\u00e0 conclusa. Ci\u00f2 avverr\u00e0 cliccando sul tasto &#8220;Effettua<br\/>Ordine&#8221; alla fine della procedura guidata.<\/li><li>Concluso il contratto, il venditore prende in carico l&#8217;ordine per la sua evasione.<br\/>Art. 4 &#8211; Utenti registrati<\/li><li>Nel completare le procedure di registrazione, l&#8217;utente si obbliga a seguire le<br\/>indicazioni presenti sul sito e a fornire i propri dati personali in maniera corretta e<br\/>veritiera.<\/li><li>La conferma esonerer\u00e0 in ogni caso Acqua di Noto da ogni responsabilit\u00e0 circa i<br\/>dati forniti dall&#8217;utente. L&#8217; utente si obbliga a informare tempestivamente Acqua di Noto<br\/>di qualsiasi variazione dei propri dati in ogni tempo comunicati.<\/li><li>Qualora poi l&#8217;utente comunichi dati non esatti o incompleti ovvero anche nel caso<br\/>in cui vi sia contestazione da parte dei soggetti interessati circa i pagamenti effettuati,<br\/>Acqua di Noto avr\u00e0 facolt\u00e0 di non attivare ovvero di sospendere il servizio fino a<br\/>sanatoria delle relative mancanze.<\/li><li>In occasione della prima richiesta di attivazione di un profilo da parte dell&#8217;utente,<br\/>Acqua di Noto attribuir\u00e0 allo stesso nome utente ed una password. Quest&#8217;ultimo<br\/>riconosce che tali identificativi costituiscono il sistema di validazione degli accessi<br\/>dell&#8217;utente ai Servizi ed il solo sistema idoneo ad identificare l&#8217;utente che gli atti<br\/>compiuti mediante tale accesso saranno a lui attribuiti e avranno efficacia vincolante<br\/>nei suoi confronti.<\/li><li>L&#8217;utente si obbliga a mantenerne la segretezza dei suoi dati d&#8217;accesso e a<br\/>custodirli con la dovuta cura e diligenza e a non cederli anche temporaneamente a<br\/>terzi.<br\/>Art. 5 &#8211; Disponibilit\u00e0 dei prodotti<\/li><li>La disponibilit\u00e0 dei prodotti si riferisce alla disponibilit\u00e0 effettiva nel momento in cui<br\/>l&#8217;utente effettua l&#8217;ordine. Tale disponibilit\u00e0 deve comunque essere considerata<br\/>puramente indicativa perch\u00e9, per effetto della contemporanea presenza sul sito di pi\u00f9<br\/>utenti, i prodotti potrebbero essere venduti ad altri clienti prima della conferma<br\/>dell&#8217;ordine.<\/li><li>Anche in seguito all&#8217;invio dell&#8217;e-mail di conferma dell&#8217;ordine potrebbero verificarsi<br\/>casi di indisponibilit\u00e0 parziale o totale della merce. In questa eventualit\u00e0, l&#8217;ordine<br\/>verr\u00e0 rettificato automaticamente con l&#8217;eliminazione del prodotto non disponibile e<br\/>l&#8217;utente verr\u00e0 immediatamente informato via e-mail.<\/li><li>Se l&#8217;utente richiede l&#8217;annullamento dell&#8217;ordine, risolvendo il contratto, Acqua di<br\/>Noto rimborser\u00e0 l&#8217;importo pagato entro 30 giorni a partire dal momento in cui Acqua<br\/>di Noto ha avuto conoscenza della decisione del l&#8217;acquirente di risolvere il contratto.<br\/>Art. 6 &#8211; Prodotti offerti<\/li><li>Acqua di Noto commercializza:<br\/>profumeria, lozioni, olii essenziali, saponi<\/li><li>L&#8217;offerta \u00e8 dettagliata nel nostro sito al link: https:\/\/www.acquadinoto.it\/negozio\/<br\/>Art. 7 &#8211; Modalit\u00e0 di pagamento e prezzi<\/li><li>Il prezzo dei prodotti sar\u00e0 quello indicato di volta in volta sul sito, salvo laddove<br\/>sussista un errore palese.<\/li><li>In caso di errore Acqua di Noto avviser\u00e0 prima possibile l&#8217;acquirente consentendo<br\/>la conferma dell&#8217;ordine al giusto importo ovvero l&#8217;annullamento. Non sussister\u00e0 ad<br\/>ogni modo per Acqua di Noto l&#8217;obbligo di fornire quanto venduto al prezzo inferiore<br\/>erroneamente indicato.<\/li><li>I prezzi del sito sono comprensivi di IVA e non includono le spese di spedizione. I<br\/>prezzi possono subire variazioni in qualsiasi momento. I cambiamenti non riguardano<br\/>gli ordini per i quali sia stata gi\u00e0 inviata conferma dell&#8217;ordine.<\/li><li>Una volta selezionati i prodotti desiderati, essi saranno aggiunti al carrello. Sar\u00e0<br\/>sufficiente seguire le istruzioni per l&#8217;acquisto, inserendo o verificando le informazioni<br\/>richieste in ogni passaggio del processo. I dettagli dell&#8217;ordine potranno essere<br\/>modificati prima del pagamento.<\/li><li>Il pagamento pu\u00f2 essere effettuato tramite:<br\/>Carte di credito, Carte di debito e bonifico bancario<br\/>Art. 8 &#8211; Consegna<\/li><li>Acqua di Noto effettua spedizioni in tutto il territorio italiano, escluse lo stato di<br\/>Citt\u00e0 del Vaticano e la Repubblica di San Marino.<\/li><li>Acqua di Noto effettuer\u00e0 solamente consegne presso il domicilio dell&#8217;utente, fornito<br\/>al momento dell&#8217;acquisto.<\/li><li>La consegna viene effettuata generalmente entro una settimana, o, qualora non<br\/>fosse specificata alcuna data di consegna, entro il termine stimato al momento della<br\/>selezione della modalit\u00e0 di consegna e, in ogni caso, entro il termine massimo di<br\/>trenta giorni dalla data della conferma.<\/li><li>Qualora non fosse possibile effettuare la consegna, l&#8217;ordine verr\u00e0 inviato al<br\/>deposito. In tale evenienza, un avviso preciser\u00e0 luogo in cui si trova l&#8217;ordine e le<br\/>modalit\u00e0 con cui concordare una nuova consegna.<\/li><li>Qualora non fosse in grado di essere presente nel luogo di consegna all&#8217;orario<br\/>concordato, Le chiediamo di contattarci nuovamente per concordare una nuova data<br\/>di consegna.<\/li><li>Qualora la consegna non possa avere luogo per cause a noi non imputabili dopo<br\/>trenta giorni dalla data in cui l&#8217;ordine \u00e8 disponibile per la consegna, assumeremo che<br\/>si intenda risolvere il contratto.<\/li><li>In conseguenza della risoluzione gli importi saranno restituiti, inclusi i costi di<br\/>consegna con l&#8217;esclusione di eventuali costi addizionali derivanti dalla scelta di un<br\/>metodo di consegna diverso dal metodo ordinario offerto senza ingiustificato ritardo<br\/>e, in ogni caso, entro 30 giorni dalla data di risoluzione del contratto. Il trasporto<br\/>derivante dalla risoluzione del contratto potrebbe avere costi addizionali che saranno<br\/>a carico dell&#8217;acquirente.<\/li><li>Le spese di spedizione sono a carico dell&#8217;acquirente e sono evidenziate<br\/>esplicitamente al momento dell&#8217;effettuazione dell&#8217;ordine.<br\/>Art. 9 &#8211; Passaggio del rischio<\/li><li>I rischi relativi ai prodotti passeranno a carico dell&#8217;acquirente a partire dal<br\/>momento della consegna. La propriet\u00e0 dei prodotti si considera acquisita appena<br\/>ricevuto il pagamento completo di tutti gli importi dovuti in relazione agli stessi,<br\/>incluse le spese di spedizione, ovvero al momento della consegna, se questa<br\/>avvenisse in un secondo momento.<br\/>Art. 10 &#8211; Garanzia e conformit\u00e0 commerciale<\/li><li>Il venditore \u00e8 responsabile per qualsiasi difetto dei prodotti offerti sul sito, ivi<br\/>inclusa la non conformit\u00e0 degli articoli ai prodotti ordinati, ai sensi di quanto disposto<br\/>dalla normativa italiana.<\/li><li>Se l&#8217;acquirente ha stipulato il contratto in qualit\u00e0 di consumatore ovverosia<br\/>qualsiasi persona fisica che agisca sul sito per scopi estranei all&#8217;attivit\u00e0<br\/>imprenditoriale o professionale eventualmente svolta, la presente garanzia \u00e8 valida a<br\/>condizione che il difetto si manifesti entro 24 mesi dalla data di consegna dei<br\/>prodotti; che l&#8217;acquirente presenti reclamo formale relativamente ai difetti entro un<br\/>massimo di 2 mesi dalla data in cui il difetto \u00e8 stato da quest&#8217;ultimo riconosciuto; che<br\/>venga compilato correttamente il modulo di reso online.<\/li><li>In caso di mancata conformit\u00e0, l&#8217;utente che ha stipulato il contratto in qualit\u00e0 di<br\/>consumatore avr\u00e0 diritto ad ottenere il ripristino della conformit\u00e0 dei prodotti senza<br\/>spese, mediante riparazione o sostituzione, ovvero di ottenere un&#8217;appropriata<br\/>riduzione di prezzo ovvero la risoluzione del contratto relativamente ai beni contestati<br\/>e la conseguente restituzione del prezzo.<\/li><li>Tutti i costi di restituzione per prodotti difettosi saranno sostenuti dal venditore.<br\/>Art. 11 &#8211; Recesso<\/li><li>Conformemente alle disposizioni legali in vigore, l&#8217;acquirente ha diritto di recedere<br\/>dall&#8217;acquisto senza alcuna penalit\u00e0 e senza specificarne il motivo, entro il termine di<br\/>14 giorni ai sensi dell&#8217;art. 57 del D.lgs 206\/2005 decorrenti dalla data di ricezione dei<br\/>prodotti.<\/li><li>In caso di acquisti multipli effettuati dal l&#8217;acquirente con un solo ordine e<br\/>consegnati separatamente, il termine di 30 giorni decorre dalla data di ricezione<br\/>dell&#8217;ultimo prodotto.<\/li><li>L&#8217;utente che intendesse esercitare il diritto di recesso dell&#8217;acquisto potr\u00e0 effettuarlo<br\/>accedendo alla sezione:&#8221;https:\/\/www.acquadinoto.it\/rimborso_reso\/&#8221; sul sito Acqua di<br\/>Noto con la creazione di una pratica.<br\/>L&#8217;utente potr\u00e0 inviare altres\u00ec una mail, indicando numero di ordine e il suo nome, al<br\/>seguente indirizzo email:<br\/>info@acquadinoto.it<\/li><li>L&#8217;acquirente dovr\u00e0 esercitare il diritto di recesso anche inviando una qualsiasi<br\/>dichiarazione esplicita contenente la decisione di recedere dal contratto oppure<br\/>alternativamente trasmettere il modulo di recesso tipo, di cui all&#8217;Allegato I, parte B,<br\/>D.Lgs 21\/2014 non obbligatorio.<\/li><li>La merce dovr\u00e0 essere rispedita a:<br\/>Via Nicolaci, 13, 96017, Noto (SR)<\/li><li>La merce dovr\u00e0 essere restituita integra, nella confezione originale, completa in<br\/>tutte le sue parti e completa della documentazione fiscale annessa. Fatta salva la<br\/>facolt\u00e0 di verificare il rispetto di quanto sopra, il sito provveder\u00e0 a rimborsare<br\/>l&#8217;importo dei prodotti oggetto del recesso entro un termine massimo di 3 giorni<br\/>eventuali costi di spedizione sostenuti dall&#8217;utente.<\/li><li>I costi sostenuti per la restituzione della merce saranno a carico dell&#8217;utente.<\/li><li>Come previsto dall&#8217;art. 56 comma 3 del D.Lgs 206\/2005, modificato dal D.lgs<br\/>21\/2014, il sito pu\u00f2 sospendere il rimborso fino al ricevimento dei beni oppure fino<br\/>all&#8217;avvenuta dimostrazione da parte del l&#8217;acquirente di aver rispedito i beni.<\/li><li>Non si applicher\u00e0 il diritto al recesso nel caso in cui i servizi e prodotti di Acqua di<br\/>Noto sono inclusi nelle categorie dell&#8217;art. 59 del D.Lgs 206\/2005.<\/li><li>Il sito eseguir\u00e0 il rimborso utilizzando lo stesso mezzo di pagamento scelto dal<br\/>l&#8217;acquirente in fase di acquisto. Nel caso di pagamento effettuato con bonifico, e<br\/>qualora l&#8217;utente intenda esercitare il proprio diritto di recesso, dovr\u00e0 fornire le<br\/>coordinate bancarie: IBAN, SWIFT e BIC necessari all&#8217;effettuazione del rimborso.<br\/>Art. 12 &#8211; Trattamento dei dati<\/li><li>I dati del l&#8217;acquirente sono trattati conformemente a quanto previsto dalla<br\/>normativa in materia di protezione dei dati personali, come specificato nell&#8217;apposita<br\/>sezione contenente l&#8217;informativa ai sensi dell&#8217;art. 13 Regolamento UE 2016\/679<br\/>(Privacy Policy).<br\/>Art. 13 &#8211; Clausola di salvaguardia<\/li><li>Nell&#8217;ipotesi in cui una delle clausole delle presenti Condizioni Generali di Vendita<br\/>fosse nulla per qualsivoglia motivo ci\u00f2 non comprometter\u00e0 in nessun caso la validit\u00e0<br\/>e il rispetto delle altre disposizioni figuranti nelle presenti Condizioni Generali di<br\/>Vendita.<br\/>Art. 14 &#8211; Contatti<\/li><li>Ogni richiesta di informazione potr\u00e0 essere inviata via mail al seguente indirizzo<br\/>info@acquadinoto.it, via telefono al seguente recapito telefonico: 3801303803, e via<br\/>posta al seguente indirizzo:<br\/>Via Nicolaci, 13, 96017, Noto (SR)<br\/>Art. 15 &#8211; Legge applicabile e foro competente<\/li><li>Le presenti Condizioni Generali di Vendita sono disciplinate dal diritto italiano ed<br\/>interpretate in base ad esso, fatta salva qualsiasi diversa norma imperativa<br\/>prevalente del paese di residenza abituale del l&#8217;acquirente. Di conseguenza<br\/>l&#8217;interpretazione, esecuzione e risoluzione delle Condizioni Generali di Vendita sono<br\/>soggette esclusivamente alla legge Italiana.<\/li><li>Eventuali controversie inerenti e\/o conseguenti alle stesse dovranno essere risolte<br\/>in via esclusiva dall&#8217;autorit\u00e0 giurisdizionale Italiana. In particolare, qualora l&#8217;utente<br\/>rivesta la qualifica di Consumatore, le eventuali controversie dovranno essere risolte<br\/>dal tribunale del luogo di domicilio o residenza dello stesso in base alla legge<br\/>applicabile.<br\/>Le presenti condizioni sono state redatte in data 21\/12\/2021.<\/li><\/ol>\n","protected":false},"excerpt":{"rendered":"<p>Condizioni Generali di VenditaArt. 1 &#8211; Disposizioni generali L&#8217;utente navigando in quest&#8217;area accede a Acqua di Noto, accessibile mediantel&#8217;url: www.acquadinoto.it. La navigazione e la trasmissione di un ordine di acquistosul sito comportano l&#8217;accettazione delle Condizioni e delle Politiche di Protezione deiDati adottate dal sito stesso ivi indicate. Le presenti Condizioni Generali di Vendita si applicano [&hellip;]<\/p>\n","protected":false},"author":1,"featured_media":0,"parent":0,"menu_order":0,"comment_status":"closed","ping_status":"closed","template":"","meta":{"footnotes":""},"class_list":["post-1325","page","type-page","status-publish","hentry"],"_links":{"self":[{"href":"https:\/\/www.acquadinoto.it\/en\/wp-json\/wp\/v2\/pages\/1325","targetHints":{"allow":["GET"]}}],"collection":[{"href":"https:\/\/www.acquadinoto.it\/en\/wp-json\/wp\/v2\/pages"}],"about":[{"href":"https:\/\/www.acquadinoto.it\/en\/wp-json\/wp\/v2\/types\/page"}],"author":[{"embeddable":true,"href":"https:\/\/www.acquadinoto.it\/en\/wp-json\/wp\/v2\/users\/1"}],"replies":[{"embeddable":true,"href":"https:\/\/www.acquadinoto.it\/en\/wp-json\/wp\/v2\/comments?post=1325"}],"version-history":[{"count":1,"href":"https:\/\/www.acquadinoto.it\/en\/wp-json\/wp\/v2\/pages\/1325\/revisions"}],"predecessor-version":[{"id":1326,"href":"https:\/\/www.acquadinoto.it\/en\/wp-json\/wp\/v2\/pages\/1325\/revisions\/1326"}],"wp:attachment":[{"href":"https:\/\/www.acquadinoto.it\/en\/wp-json\/wp\/v2\/media?parent=1325"}],"curies":[{"name":"wp","href":"https:\/\/api.w.org\/{rel}","templated":true}]}}